{"id":311,"date":"2020-02-11T12:57:51","date_gmt":"2020-02-11T12:57:51","guid":{"rendered":"https:\/\/fisiolivesaludybelleza.com\/?page_id=311"},"modified":"2024-03-06T22:10:14","modified_gmt":"2024-03-06T22:10:14","slug":"belleza","status":"publish","type":"page","link":"https:\/\/fisiolivesaludybelleza.com\/?page_id=311","title":{"rendered":"Belleza"},"content":{"rendered":"<p>[et_pb_section fb_built=\u00bb1&#8243; custom_padding_last_edited=\u00bbon|phone\u00bb admin_label=\u00bbTRATAMIENTOS ESTETICOS\u00bb _builder_version=\u00bb4.21.0&#8243; use_background_color_gradient=\u00bbon\u00bb background_color_gradient_direction=\u00bb200deg\u00bb background_color_gradient_stops=\u00bbrgba(0,0,0,0) 62%|rgba(22,29,67,0.3) 100%\u00bb background_color_gradient_start=\u00bbrgba(0,0,0,0)\u00bb background_color_gradient_start_position=\u00bb62%\u00bb background_color_gradient_end=\u00bbrgba(22,29,67,0.3)\u00bb background_image=\u00bbhttps:\/\/fisiolivesaludybelleza.com\/wp-content\/uploads\/2024\/03\/Diseno-sin-titulo-7.png\u00bb background_position=\u00bbcenter_right\u00bb transform_scale=\u00bb104%|104%\u00bb transform_translate=\u00bb-11px|-2px\u00bb width=\u00bb100%\u00bb max_width=\u00bb100%\u00bb min_height=\u00bb640px\u00bb height=\u00bb640px\u00bb max_height=\u00bb640px\u00bb custom_padding=\u00bb38vw|10vw|0|2px|false|false\u00bb custom_padding_tablet=\u00bb\u00bb custom_padding_phone=\u00bb|10vw||\u00bb animation_style=\u00bbfade\u00bb animation_starting_opacity=\u00bb5%\u00bb animation_speed_curve=\u00bbease-out\u00bb border_radii=\u00bbon|0vw|0vw|0vw|0vw\u00bb global_colors_info=\u00bb{}\u00bb][et_pb_row use_custom_gutter=\u00bbon\u00bb gutter_width=\u00bb1&#8243; make_equal=\u00bbon\u00bb custom_padding_last_edited=\u00bbon|desktop\u00bb padding_top_bottom_link_1=\u00bbtrue\u00bb padding_top_bottom_link_2=\u00bbtrue\u00bb padding_left_right_link_1=\u00bbfalse\u00bb _builder_version=\u00bb4.16&#8243; background_size=\u00bbinitial\u00bb background_position=\u00bbtop_left\u00bb background_repeat=\u00bbrepeat\u00bb width=\u00bb100%\u00bb max_width=\u00bb100%\u00bb module_alignment=\u00bbleft\u00bb custom_margin_tablet=\u00bb0vw|||\u00bb custom_margin_last_edited=\u00bboff|desktop\u00bb custom_padding=\u00bb0px||0px||false|false\u00bb custom_padding_tablet=\u00bb|||0vw\u00bb custom_padding_phone=\u00bb\u00bb animation_style=\u00bbslide\u00bb animation_direction=\u00bbleft\u00bb animation_intensity_slide=\u00bb5%\u00bb border_radii=\u00bb||10vw||\u00bb use_custom_width=\u00bbon\u00bb width_unit=\u00bboff\u00bb custom_width_percent=\u00bb100%\u00bb locked=\u00bboff\u00bb global_colors_info=\u00bb{}\u00bb][et_pb_column type=\u00bb4_4&#8243; _builder_version=\u00bb4.16&#8243; use_background_color_gradient=\u00bbon\u00bb background_color_gradient_direction=\u00bb90deg\u00bb background_color_gradient_stops=\u00bbrgba(255,255,255,0.4) 70%|rgba(255,255,255,0.88) 100%\u00bb background_color_gradient_start=\u00bbrgba(255,255,255,0.4)\u00bb background_color_gradient_start_position=\u00bb70%\u00bb background_color_gradient_end=\u00bbrgba(255,255,255,0.88)\u00bb custom_padding=\u00bb80px|40px|80px|10vw\u00bb custom_padding_tablet=\u00bb40px||20px||false\u00bb custom_padding_phone=\u00bb|||\u00bb custom_padding_last_edited=\u00bbon|phone\u00bb global_colors_info=\u00bb{}\u00bb custom_padding__hover=\u00bb|||\u00bb][et_pb_text _builder_version=\u00bb4.16&#8243; header_font=\u00bbABeeZee||on||||||\u00bb header_font_size=\u00bb100px\u00bb header_line_height=\u00bb1.4em\u00bb header_6_font=\u00bbOpen Sans|700||on|||||\u00bb header_6_letter_spacing=\u00bb5px\u00bb header_6_line_height=\u00bb1.6em\u00bb background_layout=\u00bbdark\u00bb max_width_tablet=\u00bb90%\u00bb max_width_phone=\u00bb\u00bb max_width_last_edited=\u00bbon|desktop\u00bb module_alignment=\u00bbright\u00bb animation_style=\u00bbzoom\u00bb animation_intensity_zoom=\u00bb5%\u00bb header_font_size_tablet=\u00bb48px\u00bb header_font_size_phone=\u00bb32px\u00bb header_font_size_last_edited=\u00bbon|phone\u00bb header_6_font_size_tablet=\u00bb\u00bb header_6_font_size_phone=\u00bb\u00bb header_6_font_size_last_edited=\u00bbon|desktop\u00bb text_text_shadow_style=\u00bbpreset3&#8243; text_text_shadow_blur_strength=\u00bb2em\u00bb text_text_shadow_color=\u00bbrgba(22,29,67,0.24)\u00bb locked=\u00bboff\u00bb global_colors_info=\u00bb{}\u00bb header_5_font_size__hover=\u00bb16px\u00bb header_5_font_size__hover_enabled=\u00bb16px\u00bb header_5_letter_spacing__hover=\u00bb0px\u00bb header_5_letter_spacing__hover_enabled=\u00bb0px\u00bb header_5_line_height__hover=\u00bb1em\u00bb header_5_line_height__hover_enabled=\u00bb1em\u00bb header_5_text_shadow_style__hover=\u00bbnone\u00bb header_5_text_shadow_style__hover_enabled=\u00bbnone\u00bb header_5_text_shadow_color__hover=\u00bbrgba(0,0,0,0.4)\u00bb header_5_text_shadow_color__hover_enabled=\u00bbrgba(0,0,0,0.4)\u00bb]<\/p>\n<h1><\/h1>\n<h1>FisioLive Salud&amp;Belleza<\/h1>\n<p>[\/et_pb_text][\/et_pb_column][\/et_pb_row][\/et_pb_section][et_pb_section fb_built=\u00bb1&#8243; custom_padding_last_edited=\u00bbon|desktop\u00bb admin_label=\u00bbCONTENIDO TRATAMIENTOS ESTETICOS\u00bb _builder_version=\u00bb4.21.0&#8243; inner_width_tablet=\u00bb50px\u00bb inner_max_width_tablet=\u00bb100px\u00bb inner_max_width_phone=\u00bb50px\u00bb custom_padding=\u00bb30px|0px|30px|0px\u00bb custom_padding_tablet=\u00bb40px|0px|40px|0px|true|false\u00bb custom_padding_phone=\u00bb\u00bb z_index_tablet=\u00bb500&#8243; box_shadow_horizontal_tablet=\u00bb0px\u00bb box_shadow_vertical_tablet=\u00bb0px\u00bb box_shadow_blur_tablet=\u00bb40px\u00bb box_shadow_spread_tablet=\u00bb0px\u00bb locked=\u00bboff\u00bb global_colors_info=\u00bb{}\u00bb][et_pb_row admin_label=\u00bbTU BIENESTAR ES NUESTRA PRIORIDAD\u00bb _builder_version=\u00bb4.21.0&#8243; transform_translate=\u00bb59px|0px\u00bb transform_translate_linked=\u00bboff\u00bb locked=\u00bbon\u00bb global_colors_info=\u00bb{}\u00bb][et_pb_column type=\u00bb4_4&#8243; _builder_version=\u00bb4.16&#8243; custom_padding=\u00bb|||\u00bb global_colors_info=\u00bb{}\u00bb custom_padding__hover=\u00bb|||\u00bb][et_pb_text admin_label=\u00bbTEXTO TRATAMIENTOS EST\u00c8TICOS\u00bb _builder_version=\u00bb4.21.0&#8243; text_font=\u00bbOverlock SC|700|||||||\u00bb text_font_size=\u00bb41px\u00bb text_line_height=\u00bb2em\u00bb header_font=\u00bbOverlock SC|700|||||||\u00bb header_font_size=\u00bb70px\u00bb header_2_font=\u00bbPrata||||||||\u00bb header_2_font_size=\u00bb50px\u00bb header_2_line_height=\u00bb1.4em\u00bb header_3_font=\u00bbPrata|700|||||||\u00bb header_3_font_size=\u00bb14px\u00bb header_3_letter_spacing=\u00bb5px\u00bb header_3_line_height=\u00bb1.8em\u00bb transform_scale=\u00bb144%|144%\u00bb animation_style=\u00bbzoom\u00bb animation_intensity_zoom=\u00bb5%\u00bb header_2_font_size_tablet=\u00bb40px\u00bb header_2_font_size_phone=\u00bb28px\u00bb header_2_font_size_last_edited=\u00bbon|phone\u00bb header_3_font_size_tablet=\u00bb\u00bb header_3_font_size_phone=\u00bb10px\u00bb header_3_font_size_last_edited=\u00bbon|phone\u00bb z_index_tablet=\u00bb500&#8243; text_text_shadow_horizontal_length_tablet=\u00bb0px\u00bb text_text_shadow_vertical_length_tablet=\u00bb0px\u00bb text_text_shadow_blur_strength_tablet=\u00bb1px\u00bb link_text_shadow_horizontal_length_tablet=\u00bb0px\u00bb link_text_shadow_vertical_length_tablet=\u00bb0px\u00bb link_text_shadow_blur_strength_tablet=\u00bb1px\u00bb ul_text_shadow_horizontal_length_tablet=\u00bb0px\u00bb ul_text_shadow_vertical_length_tablet=\u00bb0px\u00bb ul_text_shadow_blur_strength_tablet=\u00bb1px\u00bb ol_text_shadow_horizontal_length_tablet=\u00bb0px\u00bb ol_text_shadow_vertical_length_tablet=\u00bb0px\u00bb ol_text_shadow_blur_strength_tablet=\u00bb1px\u00bb quote_text_shadow_horizontal_length_tablet=\u00bb0px\u00bb quote_text_shadow_vertical_length_tablet=\u00bb0px\u00bb quote_text_shadow_blur_strength_tablet=\u00bb1px\u00bb header_text_shadow_horizontal_length_tablet=\u00bb0px\u00bb header_text_shadow_vertical_length_tablet=\u00bb0px\u00bb header_text_shadow_blur_strength_tablet=\u00bb1px\u00bb header_2_text_shadow_horizontal_length_tablet=\u00bb0px\u00bb header_2_text_shadow_vertical_length_tablet=\u00bb0px\u00bb header_2_text_shadow_blur_strength_tablet=\u00bb1px\u00bb header_3_text_shadow_horizontal_length_tablet=\u00bb0px\u00bb header_3_text_shadow_vertical_length_tablet=\u00bb0px\u00bb header_3_text_shadow_blur_strength_tablet=\u00bb1px\u00bb header_4_text_shadow_horizontal_length_tablet=\u00bb0px\u00bb header_4_text_shadow_vertical_length_tablet=\u00bb0px\u00bb header_4_text_shadow_blur_strength_tablet=\u00bb1px\u00bb header_5_text_shadow_horizontal_length_tablet=\u00bb0px\u00bb header_5_text_shadow_vertical_length_tablet=\u00bb0px\u00bb header_5_text_shadow_blur_strength_tablet=\u00bb1px\u00bb header_6_text_shadow_horizontal_length_tablet=\u00bb0px\u00bb header_6_text_shadow_vertical_length_tablet=\u00bb0px\u00bb header_6_text_shadow_blur_strength_tablet=\u00bb1px\u00bb box_shadow_horizontal_tablet=\u00bb0px\u00bb box_shadow_vertical_tablet=\u00bb0px\u00bb box_shadow_blur_tablet=\u00bb40px\u00bb box_shadow_spread_tablet=\u00bb0px\u00bb locked=\u00bboff\u00bb inline_fonts=\u00bbOverpass\u00bb global_colors_info=\u00bb{}\u00bb header_5_font_size__hover=\u00bb16px\u00bb header_5_font_size__hover_enabled=\u00bb16px\u00bb header_5_letter_spacing__hover=\u00bb0px\u00bb header_5_letter_spacing__hover_enabled=\u00bb0px\u00bb header_5_line_height__hover=\u00bb1em\u00bb header_5_line_height__hover_enabled=\u00bb1em\u00bb header_5_text_shadow_style__hover=\u00bbnone\u00bb header_5_text_shadow_style__hover_enabled=\u00bbnone\u00bb header_5_text_shadow_color__hover=\u00bbrgba(0,0,0,0.4)\u00bb header_5_text_shadow_color__hover_enabled=\u00bbrgba(0,0,0,0.4)\u00bb header_font_size__hover=\u00bb30px\u00bb header_font_size__hover_enabled=\u00bb30px\u00bb header_letter_spacing__hover=\u00bb0px\u00bb header_letter_spacing__hover_enabled=\u00bb0px\u00bb header_text_shadow_style__hover=\u00bbnone\u00bb header_text_shadow_style__hover_enabled=\u00bbnone\u00bb header_text_shadow_color__hover=\u00bbrgba(0,0,0,0.4)\u00bb header_text_shadow_color__hover_enabled=\u00bbrgba(0,0,0,0.4)\u00bb header_6_font_size__hover=\u00bb14px\u00bb header_6_font_size__hover_enabled=\u00bb14px\u00bb header_6_letter_spacing__hover=\u00bb0px\u00bb header_6_letter_spacing__hover_enabled=\u00bb0px\u00bb header_6_line_height__hover=\u00bb1em\u00bb header_6_line_height__hover_enabled=\u00bb1em\u00bb header_6_text_shadow_style__hover=\u00bbnone\u00bb header_6_text_shadow_style__hover_enabled=\u00bbnone\u00bb header_6_text_shadow_color__hover=\u00bbrgba(0,0,0,0.4)\u00bb header_6_text_shadow_color__hover_enabled=\u00bbrgba(0,0,0,0.4)\u00bb]<\/p>\n<h3 style=\"text-align: center;\"><\/h3>\n<h2 style=\"text-align: center;\"><strong><span style=\"font-family: Overpass;\">TU BIENESTAR ES NUESTRA PRIORIDAD<\/span><\/strong><\/h2>\n<h3 style=\"text-align: center;\"><em><strong>Conoce la gran diversidad de tratamientos faciales y corporales que en Fisiolive tenemos para ti\u00a0\u00a0<\/strong><\/em><\/h3>\n<p>[\/et_pb_text][\/et_pb_column][\/et_pb_row][et_pb_row column_structure=\u00bb1_2,1_2&#8243; use_custom_gutter=\u00bbon\u00bb make_equal=\u00bbon\u00bb admin_label=\u00bbTRAMIENTOS FACIALES Y CORPORALES \u00bb _builder_version=\u00bb4.21.0&#8243; width=\u00bb93.3%\u00bb module_alignment=\u00bbcenter\u00bb z_index_tablet=\u00bb500&#8243; box_shadow_horizontal_tablet=\u00bb0px\u00bb box_shadow_vertical_tablet=\u00bb0px\u00bb box_shadow_blur_tablet=\u00bb40px\u00bb box_shadow_spread_tablet=\u00bb0px\u00bb global_colors_info=\u00bb{}\u00bb][et_pb_column type=\u00bb1_2&#8243; _builder_version=\u00bb4.16&#8243; custom_padding=\u00bb|||\u00bb global_colors_info=\u00bb{}\u00bb custom_padding__hover=\u00bb|||\u00bb][et_pb_image src=\u00bbhttps:\/\/fisiolivesaludybelleza.com\/wp-content\/uploads\/2024\/03\/Diseno-sin-titulo-5.png\u00bb title_text=\u00bbDise\u00f1o sin t\u00edtulo (5)\u00bb admin_label=\u00bbIMAGEN TRATAMIENTOS FACIALES DE ESTETICOS\u00bb _builder_version=\u00bb4.21.0&#8243; transform_scale=\u00bb96%|96%\u00bb transform_translate=\u00bb-46px|12px\u00bb transform_translate_linked=\u00bboff\u00bb width=\u00bb100%\u00bb max_width=\u00bb100%\u00bb module_alignment=\u00bbcenter\u00bb animation_style=\u00bbfade\u00bb z_index_tablet=\u00bb500&#8243; box_shadow_horizontal_tablet=\u00bb0px\u00bb box_shadow_vertical_tablet=\u00bb0px\u00bb box_shadow_blur_tablet=\u00bb40px\u00bb box_shadow_spread_tablet=\u00bb0px\u00bb global_colors_info=\u00bb{}\u00bb][\/et_pb_image][et_pb_text admin_label=\u00bbTEXTO FACIALES &#8211; TRATAMIENTOS ESTETICOS\u00bb _builder_version=\u00bb4.21.0&#8243; _dynamic_attributes=\u00bblink_option_url\u00bb _module_preset=\u00bbdefault\u00bb text_font=\u00bb||||||||\u00bb header_text_align=\u00bbcenter\u00bb transform_translate=\u00bb-59px|22px\u00bb transform_translate_linked=\u00bboff\u00bb width=\u00bb100%\u00bb max_width=\u00bb100%\u00bb module_alignment=\u00bbcenter\u00bb custom_margin=\u00bb-3px||7px|102px|false|false\u00bb custom_padding=\u00bb12px||||false|false\u00bb link_option_url=\u00bb@ET-DC@eyJkeW5hbWljIjp0cnVlLCJjb250ZW50IjoicG9zdF9saW5rX3VybF9wYWdlIiwic2V0dGluZ3MiOnsicG9zdF9pZCI6IjQwMSJ9fQ==@\u00bb inline_fonts=\u00bbABeeZee\u00bb global_colors_info=\u00bb{}\u00bb]<\/p>\n<p style=\"text-align: center;\"><span>\u00a0\u00bfBuscas que la piel de tu rostro est\u00e9 sana, luminosa y con vitalidad?<\/span><\/p>\n<p style=\"text-align: center;\"><span>En ese caso, conoce la variedad de tratamientos faciales que en Fisiolive tenemos para ti, los cuales se ajustan a las necesidades de tu rostro ya sea que busques tonificar, hidratar o simplemente realizar limpiezas profundas.<\/span><\/p>\n<p style=\"text-align: center;\"><span style=\"font-family: ABeeZee; font-weight: normal; font-size: large;\"><strong><em><span style=\"color: #612a63;\"><a href=\"https:\/\/fisiolivesaludybelleza.com\/?page_id=401\" style=\"color: #612a63;\">Ver tratamientos faciales<\/a><\/span><\/em><\/strong><\/span><span><\/span><\/p>\n<p><span><\/span><\/p>\n<p>[\/et_pb_text][\/et_pb_column][et_pb_column type=\u00bb1_2&#8243; _builder_version=\u00bb4.16&#8243; custom_padding=\u00bb|||\u00bb global_colors_info=\u00bb{}\u00bb custom_padding__hover=\u00bb|||\u00bb][et_pb_image src=\u00bbhttps:\/\/fisiolivesaludybelleza.com\/wp-content\/uploads\/2024\/02\/36549-snrxhfhc-estetica-ecologica-y-masajes-rituales-masaje-relajante-corporal-2.jpg\u00bb title_text=\u00bbbeautiful woman in spa salon getting massage\u00bb align=\u00bbcenter\u00bb admin_label=\u00bbIMAGEN TRATAMIENTOS CORPORALES DE ESTETICOS\u00bb _builder_version=\u00bb4.21.0&#8243; transform_scale=\u00bb104%|104%\u00bb transform_translate=\u00bb117px|20px\u00bb transform_translate_linked=\u00bboff\u00bb width=\u00bb100%\u00bb max_width=\u00bb91%\u00bb module_alignment=\u00bbcenter\u00bb min_height=\u00bb229px\u00bb height=\u00bb407px\u00bb animation_style=\u00bbfade\u00bb z_index_tablet=\u00bb500&#8243; box_shadow_horizontal_tablet=\u00bb0px\u00bb box_shadow_vertical_tablet=\u00bb0px\u00bb box_shadow_blur_tablet=\u00bb40px\u00bb box_shadow_spread_tablet=\u00bb0px\u00bb global_colors_info=\u00bb{}\u00bb][\/et_pb_image][et_pb_text admin_label=\u00bbTEXTO CORPORALES &#8211; TRATAMIENTOS ESTETICOS\u00bb _builder_version=\u00bb4.21.0&#8243; _dynamic_attributes=\u00bblink_option_url\u00bb _module_preset=\u00bbdefault\u00bb text_font=\u00bb||||||||\u00bb header_text_align=\u00bbcenter\u00bb transform_translate=\u00bb123px|22px\u00bb transform_translate_linked=\u00bboff\u00bb width=\u00bb100%\u00bb max_width=\u00bb100%\u00bb module_alignment=\u00bbcenter\u00bb custom_margin=\u00bb-3px||7px|102px|false|false\u00bb custom_padding=\u00bb12px||||false|false\u00bb link_option_url=\u00bb@ET-DC@eyJkeW5hbWljIjp0cnVlLCJjb250ZW50IjoicG9zdF9saW5rX3VybF9wYWdlIiwic2V0dGluZ3MiOnsicG9zdF9pZCI6IjQwMSJ9fQ==@\u00bb inline_fonts=\u00bbABeeZee\u00bb global_colors_info=\u00bb{}\u00bb]<\/p>\n<p style=\"text-align: center;\"><span>\u00a1Tonifica, reafirma y luce tu figura!<\/span><\/p>\n<p style=\"text-align: center;\">Contamos con tratamientos dise\u00f1ados para ayudarte a moldear tu cuerpo<span> por medio de radiofrecuencia corporal m\u00e9dica o la innovadora tecnolog\u00eda de Ondas de Presi\u00f3n de Alta Frecuencia (O.P.AF.) por ejemplo.\u00a0<\/span><\/p>\n<p style=\"text-align: center;\"><span> <\/span><\/p>\n<p style=\"text-align: center;\"><span style=\"font-family: ABeeZee; font-weight: normal; font-size: large;\"><strong><em><span style=\"color: #612a63;\"><a href=\"https:\/\/fisiolivesaludybelleza.com\/?page_id=394\" style=\"color: #612a63;\">Ver tratamientos corporales<\/a><\/span><\/em><\/strong><\/span><span><\/span><\/p>\n<p><span><\/span><\/p>\n<p>[\/et_pb_text][\/et_pb_column][\/et_pb_row][et_pb_row column_structure=\u00bb1_2,1_2&#8243; use_custom_gutter=\u00bbon\u00bb make_equal=\u00bbon\u00bb admin_label=\u00bbTRAMIENTOS FACIALES Y CORPORALES \u00bb _builder_version=\u00bb4.21.0&#8243; width=\u00bb93.3%\u00bb module_alignment=\u00bbcenter\u00bb z_index_tablet=\u00bb500&#8243; box_shadow_horizontal_tablet=\u00bb0px\u00bb box_shadow_vertical_tablet=\u00bb0px\u00bb box_shadow_blur_tablet=\u00bb40px\u00bb box_shadow_spread_tablet=\u00bb0px\u00bb global_colors_info=\u00bb{}\u00bb][et_pb_column type=\u00bb1_2&#8243; _builder_version=\u00bb4.16&#8243; custom_padding=\u00bb|||\u00bb global_colors_info=\u00bb{}\u00bb custom_padding__hover=\u00bb|||\u00bb][et_pb_image src=\u00bbhttps:\/\/fisiolivesaludybelleza.com\/wp-content\/uploads\/2024\/02\/1700134437065.png\u00bb title_text=\u00bb1700134437065&#8243; force_fullwidth=\u00bbon\u00bb admin_label=\u00bbIMAGEN MASAJES ESTETICOS DE ESTETICOS\u00bb _builder_version=\u00bb4.21.0&#8243; transform_scale=\u00bb96%|96%\u00bb transform_translate=\u00bb-46px|12px\u00bb transform_translate_linked=\u00bboff\u00bb module_alignment=\u00bbcenter\u00bb min_height=\u00bb334px\u00bb height=\u00bb502px\u00bb animation_style=\u00bbfade\u00bb z_index_tablet=\u00bb500&#8243; box_shadow_horizontal_tablet=\u00bb0px\u00bb box_shadow_vertical_tablet=\u00bb0px\u00bb box_shadow_blur_tablet=\u00bb40px\u00bb box_shadow_spread_tablet=\u00bb0px\u00bb global_colors_info=\u00bb{}\u00bb][\/et_pb_image][et_pb_text admin_label=\u00bbTEXTO MASAJES ESTETICOS &#8211; TRATAMIENTOS ESTETICOS\u00bb _builder_version=\u00bb4.21.0&#8243; _dynamic_attributes=\u00bblink_option_url\u00bb _module_preset=\u00bbdefault\u00bb text_font=\u00bb||||||||\u00bb header_text_align=\u00bbcenter\u00bb transform_translate=\u00bb-59px|22px\u00bb transform_translate_linked=\u00bboff\u00bb width=\u00bb100%\u00bb max_width=\u00bb100%\u00bb module_alignment=\u00bbcenter\u00bb custom_margin=\u00bb-3px||7px|102px|false|false\u00bb custom_padding=\u00bb12px||||false|false\u00bb link_option_url=\u00bb@ET-DC@eyJkeW5hbWljIjp0cnVlLCJjb250ZW50IjoicG9zdF9saW5rX3VybF9wYWdlIiwic2V0dGluZ3MiOnsicG9zdF9pZCI6IjQwMSJ9fQ==@\u00bb inline_fonts=\u00bbABeeZee\u00bb global_colors_info=\u00bb{}\u00bb]<\/p>\n<p style=\"text-align: center;\"><span>\u00a1Consi\u00e9ntete mientras cuidas de ti!\u00a0 <\/span><\/p>\n<p style=\"text-align: center;\">Disfruta los beneficios reductores y anticelul\u00edticos que te brindan algunos de nuestros masajes en donde utilizamos diversas t\u00e9cnicas especificas que te ayudar\u00e1n a disminuir la grasa localizada y mejorar as\u00ed la textura y apariencia de tu piel.<\/p>\n<p style=\"text-align: center;\"><a href=\"https:\/\/fisiolivesaludybelleza.com\/?page_id=387\" style=\"font-family: ABeeZee; font-size: large; font-weight: bold; color: #612a63; font-style: italic;\">Ver Masajes Est\u00e9ticos.<\/a><\/p>\n<p style=\"text-align: center;\"><span><\/span><\/p>\n<p><span><\/span><\/p>\n<p>[\/et_pb_text][\/et_pb_column][et_pb_column type=\u00bb1_2&#8243; _builder_version=\u00bb4.16&#8243; custom_padding=\u00bb|||\u00bb global_colors_info=\u00bb{}\u00bb custom_padding__hover=\u00bb|||\u00bb][et_pb_image src=\u00bbhttps:\/\/fisiolivesaludybelleza.com\/wp-content\/uploads\/2024\/03\/pexels-anna-tarazevich-6560276-scaled.jpg\u00bb title_text=\u00bbpexels-anna-tarazevich-6560276&#8243; align=\u00bbcenter\u00bb force_fullwidth=\u00bbon\u00bb admin_label=\u00bbIMAGEN MASAJES TERAPEUTICOS DE ESTETICOS\u00bb _builder_version=\u00bb4.21.0&#8243; transform_scale=\u00bb104%|104%\u00bb transform_translate=\u00bb116px|36px\u00bb transform_translate_linked=\u00bboff\u00bb module_alignment=\u00bbcenter\u00bb min_height=\u00bb457px\u00bb height=\u00bb407px\u00bb animation_style=\u00bbfade\u00bb z_index_tablet=\u00bb500&#8243; box_shadow_horizontal_tablet=\u00bb0px\u00bb box_shadow_vertical_tablet=\u00bb0px\u00bb box_shadow_blur_tablet=\u00bb40px\u00bb box_shadow_spread_tablet=\u00bb0px\u00bb global_colors_info=\u00bb{}\u00bb][\/et_pb_image][et_pb_text admin_label=\u00bbTEXTO MASAJES TERAPEUTICOS &#8211; TRATAMIENTOS ESTETICOS\u00bb _builder_version=\u00bb4.21.0&#8243; _dynamic_attributes=\u00bblink_option_url\u00bb _module_preset=\u00bbdefault\u00bb text_font=\u00bb||||||||\u00bb header_text_align=\u00bbcenter\u00bb transform_translate=\u00bb123px|57px\u00bb transform_translate_linked=\u00bboff\u00bb width=\u00bb100%\u00bb max_width=\u00bb100%\u00bb module_alignment=\u00bbcenter\u00bb custom_margin=\u00bb-3px||7px|102px|false|false\u00bb custom_padding=\u00bb12px||||false|false\u00bb link_option_url=\u00bb@ET-DC@eyJkeW5hbWljIjp0cnVlLCJjb250ZW50IjoicG9zdF9saW5rX3VybF9wYWdlIiwic2V0dGluZ3MiOnsicG9zdF9pZCI6IjQwMSJ9fQ==@\u00bb inline_fonts=\u00bbABeeZee\u00bb global_colors_info=\u00bb{}\u00bb]<\/p>\n<p style=\"text-align: center;\"><span>\u00bfTe gustar\u00eda aliviar tu tensi\u00f3n muscular causada por el estr\u00e9s?<\/span><\/p>\n<p style=\"text-align: center;\"><span>Sabemos que las constantes actividades del d\u00eda a d\u00eda pueden llegar a abrumar y repercutir de forma negativa en nuestro cuerpo es por ello que tenemos disponibles para ti masajes terap\u00e9uticos\u00a0 que te ayudar\u00e1n a disminuir las dolorosas contracturas, aliviar dolores de cabeza y activar la circulaci\u00f3n sangu\u00ednea del organismo.<\/span><\/p>\n<p style=\"text-align: center;\"><span> <\/span><\/p>\n<p style=\"text-align: center;\"><span style=\"font-family: ABeeZee; font-weight: normal; font-size: large;\"><strong><em><span style=\"color: #612a63;\"><a href=\"https:\/\/fisiolivesaludybelleza.com\/?page_id=382\" style=\"color: #612a63;\">Ver M<span>asajes Terap\u00e9uticos\u00a0\u00a0<\/span><\/a><\/span><\/em><\/strong><\/span><span><\/span><\/p>\n<p><span><\/span><\/p>\n<p>[\/et_pb_text][\/et_pb_column][\/et_pb_row][et_pb_row _builder_version=\u00bb4.16&#8243; background_size=\u00bbinitial\u00bb background_position=\u00bbtop_left\u00bb background_repeat=\u00bbrepeat\u00bb global_colors_info=\u00bb{}\u00bb][et_pb_column type=\u00bb4_4&#8243; _builder_version=\u00bb4.16&#8243; custom_padding=\u00bb|||\u00bb global_colors_info=\u00bb{}\u00bb custom_padding__hover=\u00bb|||\u00bb][et_pb_divider show_divider=\u00bboff\u00bb _builder_version=\u00bb4.16&#8243; z_index_tablet=\u00bb500&#8243; box_shadow_horizontal_tablet=\u00bb0px\u00bb box_shadow_vertical_tablet=\u00bb0px\u00bb box_shadow_blur_tablet=\u00bb40px\u00bb box_shadow_spread_tablet=\u00bb0px\u00bb global_colors_info=\u00bb{}\u00bb][\/et_pb_divider][\/et_pb_column][\/et_pb_row][\/et_pb_section]<\/p>\n","protected":false},"excerpt":{"rendered":"<p>FisioLive Salud&amp;Belleza TU BIENESTAR ES NUESTRA PRIORIDAD Conoce la gran diversidad de tratamientos faciales y corporales que en Fisiolive tenemos para ti\u00a0\u00a0\u00a0\u00bfBuscas que la piel de tu rostro est\u00e9 sana, luminosa y con vitalidad? En ese caso, conoce la variedad de tratamientos faciales que en Fisiolive tenemos para ti, los cuales se ajustan a las [&hellip;]<\/p>\n","protected":false},"author":1,"featured_media":0,"parent":0,"menu_order":0,"comment_status":"closed","ping_status":"closed","template":"","meta":{"_et_pb_use_builder":"on","_et_pb_old_content":"","_et_gb_content_width":"","footnotes":""},"class_list":["post-311","page","type-page","status-publish","hentry"],"_links":{"self":[{"href":"https:\/\/fisiolivesaludybelleza.com\/index.php?rest_route=\/wp\/v2\/pages\/311","targetHints":{"allow":["GET"]}}],"collection":[{"href":"https:\/\/fisiolivesaludybelleza.com\/index.php?rest_route=\/wp\/v2\/pages"}],"about":[{"href":"https:\/\/fisiolivesaludybelleza.com\/index.php?rest_route=\/wp\/v2\/types\/page"}],"author":[{"embeddable":true,"href":"https:\/\/fisiolivesaludybelleza.com\/index.php?rest_route=\/wp\/v2\/users\/1"}],"replies":[{"embeddable":true,"href":"https:\/\/fisiolivesaludybelleza.com\/index.php?rest_route=%2Fwp%2Fv2%2Fcomments&post=311"}],"version-history":[{"count":20,"href":"https:\/\/fisiolivesaludybelleza.com\/index.php?rest_route=\/wp\/v2\/pages\/311\/revisions"}],"predecessor-version":[{"id":1068,"href":"https:\/\/fisiolivesaludybelleza.com\/index.php?rest_route=\/wp\/v2\/pages\/311\/revisions\/1068"}],"wp:attachment":[{"href":"https:\/\/fisiolivesaludybelleza.com\/index.php?rest_route=%2Fwp%2Fv2%2Fmedia&parent=311"}],"curies":[{"name":"wp","href":"https:\/\/api.w.org\/{rel}","templated":true}]}}