{"id":16,"date":"2019-02-13T16:56:18","date_gmt":"2019-02-13T16:56:18","guid":{"rendered":"https:\/\/fisiolivesaludybelleza.com\/?page_id=16"},"modified":"2019-06-11T12:22:22","modified_gmt":"2019-06-11T12:22:22","slug":"politica-de-cookies","status":"publish","type":"page","link":"https:\/\/fisiolivesaludybelleza.com\/?page_id=16","title":{"rendered":"Pol\u00edtica de Cookies"},"content":{"rendered":"<p>[et_pb_section bb_built=\u00bb1&#8243; admin_label=\u00bbValue Props\u00bb custom_padding_last_edited=\u00bbon|desktop\u00bb _builder_version=\u00bb3.24&#8243; custom_padding=\u00bb30px|0px|30px|0px\u00bb custom_padding_tablet=\u00bb40px|0px|40px|0px|true|false\u00bb locked=\u00bboff\u00bb inner_width_tablet=\u00bb50px\u00bb inner_max_width_tablet=\u00bb100px\u00bb inner_max_width_phone=\u00bb50px\u00bb box_shadow_horizontal_tablet=\u00bb0px\u00bb box_shadow_vertical_tablet=\u00bb0px\u00bb box_shadow_blur_tablet=\u00bb40px\u00bb box_shadow_spread_tablet=\u00bb0px\u00bb z_index_tablet=\u00bb500&#8243;][et_pb_row padding_top_2=\u00bb60px\u00bb padding_2_tablet=\u00bb0px||\u00bb padding_2_last_edited=\u00bbon|phone\u00bb _builder_version=\u00bb3.19&#8243; width=\u00bb80%\u00bb max_width=\u00bb1080px\u00bb][et_pb_column type=\u00bb4_4&#8243;][et_pb_text _builder_version=\u00bb3.24&#8243; text_line_height=\u00bb2em\u00bb header_2_font=\u00bbPrata||||||||\u00bb header_2_font_size=\u00bb50px\u00bb header_2_font_size_tablet=\u00bb40px\u00bb header_2_font_size_phone=\u00bb28px\u00bb header_2_font_size_last_edited=\u00bbon|phone\u00bb header_2_line_height=\u00bb1.4em\u00bb header_3_font=\u00bbPrata|700|||||||\u00bb header_3_font_size=\u00bb14px\u00bb header_3_font_size_phone=\u00bb10px\u00bb header_3_font_size_last_edited=\u00bbon|phone\u00bb header_3_letter_spacing=\u00bb5px\u00bb header_3_line_height=\u00bb1.8em\u00bb animation_style=\u00bbzoom\u00bb animation_intensity_zoom=\u00bb5%\u00bb locked=\u00bboff\u00bb header_5_font_size__hover=\u00bb16px\u00bb header_5_font_size__hover_enabled=\u00bb16px\u00bb header_5_letter_spacing__hover=\u00bb0px\u00bb header_5_letter_spacing__hover_enabled=\u00bb0px\u00bb header_5_line_height__hover=\u00bb1em\u00bb header_5_line_height__hover_enabled=\u00bb1em\u00bb header_5_text_shadow_style__hover=\u00bbnone\u00bb header_5_text_shadow_style__hover_enabled=\u00bbnone\u00bb header_5_text_shadow_color__hover=\u00bbrgba(0,0,0,0.4)\u00bb header_5_text_shadow_color__hover_enabled=\u00bbrgba(0,0,0,0.4)\u00bb header_font_size__hover=\u00bb30px\u00bb header_font_size__hover_enabled=\u00bb30px\u00bb header_letter_spacing__hover=\u00bb0px\u00bb header_letter_spacing__hover_enabled=\u00bb0px\u00bb header_text_shadow_style__hover=\u00bbnone\u00bb header_text_shadow_style__hover_enabled=\u00bbnone\u00bb header_text_shadow_color__hover=\u00bbrgba(0,0,0,0.4)\u00bb header_text_shadow_color__hover_enabled=\u00bbrgba(0,0,0,0.4)\u00bb header_6_font_size__hover=\u00bb14px\u00bb header_6_font_size__hover_enabled=\u00bb14px\u00bb header_6_letter_spacing__hover=\u00bb0px\u00bb header_6_letter_spacing__hover_enabled=\u00bb0px\u00bb header_6_line_height__hover=\u00bb1em\u00bb header_6_line_height__hover_enabled=\u00bb1em\u00bb header_6_text_shadow_style__hover=\u00bbnone\u00bb header_6_text_shadow_style__hover_enabled=\u00bbnone\u00bb header_6_text_shadow_color__hover=\u00bbrgba(0,0,0,0.4)\u00bb header_6_text_shadow_color__hover_enabled=\u00bbrgba(0,0,0,0.4)\u00bb text_text_shadow_horizontal_length=\u00bbtext_text_shadow_style,%91object Object%93&#8243; text_text_shadow_horizontal_length_tablet=\u00bb0px\u00bb text_text_shadow_vertical_length=\u00bbtext_text_shadow_style,%91object Object%93&#8243; text_text_shadow_vertical_length_tablet=\u00bb0px\u00bb text_text_shadow_blur_strength=\u00bbtext_text_shadow_style,%91object Object%93&#8243; text_text_shadow_blur_strength_tablet=\u00bb1px\u00bb link_text_shadow_horizontal_length=\u00bblink_text_shadow_style,%91object Object%93&#8243; link_text_shadow_horizontal_length_tablet=\u00bb0px\u00bb link_text_shadow_vertical_length=\u00bblink_text_shadow_style,%91object Object%93&#8243; link_text_shadow_vertical_length_tablet=\u00bb0px\u00bb link_text_shadow_blur_strength=\u00bblink_text_shadow_style,%91object Object%93&#8243; link_text_shadow_blur_strength_tablet=\u00bb1px\u00bb ul_text_shadow_horizontal_length=\u00bbul_text_shadow_style,%91object Object%93&#8243; ul_text_shadow_horizontal_length_tablet=\u00bb0px\u00bb ul_text_shadow_vertical_length=\u00bbul_text_shadow_style,%91object Object%93&#8243; ul_text_shadow_vertical_length_tablet=\u00bb0px\u00bb ul_text_shadow_blur_strength=\u00bbul_text_shadow_style,%91object Object%93&#8243; ul_text_shadow_blur_strength_tablet=\u00bb1px\u00bb ol_text_shadow_horizontal_length=\u00bbol_text_shadow_style,%91object Object%93&#8243; ol_text_shadow_horizontal_length_tablet=\u00bb0px\u00bb ol_text_shadow_vertical_length=\u00bbol_text_shadow_style,%91object Object%93&#8243; ol_text_shadow_vertical_length_tablet=\u00bb0px\u00bb ol_text_shadow_blur_strength=\u00bbol_text_shadow_style,%91object Object%93&#8243; ol_text_shadow_blur_strength_tablet=\u00bb1px\u00bb quote_text_shadow_horizontal_length=\u00bbquote_text_shadow_style,%91object Object%93&#8243; quote_text_shadow_horizontal_length_tablet=\u00bb0px\u00bb quote_text_shadow_vertical_length=\u00bbquote_text_shadow_style,%91object Object%93&#8243; quote_text_shadow_vertical_length_tablet=\u00bb0px\u00bb quote_text_shadow_blur_strength=\u00bbquote_text_shadow_style,%91object Object%93&#8243; quote_text_shadow_blur_strength_tablet=\u00bb1px\u00bb header_text_shadow_horizontal_length=\u00bbheader_text_shadow_style,%91object Object%93&#8243; header_text_shadow_horizontal_length_tablet=\u00bb0px\u00bb header_text_shadow_vertical_length=\u00bbheader_text_shadow_style,%91object Object%93&#8243; header_text_shadow_vertical_length_tablet=\u00bb0px\u00bb header_text_shadow_blur_strength=\u00bbheader_text_shadow_style,%91object Object%93&#8243; header_text_shadow_blur_strength_tablet=\u00bb1px\u00bb header_2_text_shadow_horizontal_length=\u00bbheader_2_text_shadow_style,%91object Object%93&#8243; header_2_text_shadow_horizontal_length_tablet=\u00bb0px\u00bb header_2_text_shadow_vertical_length=\u00bbheader_2_text_shadow_style,%91object Object%93&#8243; header_2_text_shadow_vertical_length_tablet=\u00bb0px\u00bb header_2_text_shadow_blur_strength=\u00bbheader_2_text_shadow_style,%91object Object%93&#8243; header_2_text_shadow_blur_strength_tablet=\u00bb1px\u00bb header_3_text_shadow_horizontal_length=\u00bbheader_3_text_shadow_style,%91object Object%93&#8243; header_3_text_shadow_horizontal_length_tablet=\u00bb0px\u00bb header_3_text_shadow_vertical_length=\u00bbheader_3_text_shadow_style,%91object Object%93&#8243; header_3_text_shadow_vertical_length_tablet=\u00bb0px\u00bb header_3_text_shadow_blur_strength=\u00bbheader_3_text_shadow_style,%91object Object%93&#8243; header_3_text_shadow_blur_strength_tablet=\u00bb1px\u00bb header_4_text_shadow_horizontal_length=\u00bbheader_4_text_shadow_style,%91object Object%93&#8243; header_4_text_shadow_horizontal_length_tablet=\u00bb0px\u00bb header_4_text_shadow_vertical_length=\u00bbheader_4_text_shadow_style,%91object Object%93&#8243; header_4_text_shadow_vertical_length_tablet=\u00bb0px\u00bb header_4_text_shadow_blur_strength=\u00bbheader_4_text_shadow_style,%91object Object%93&#8243; header_4_text_shadow_blur_strength_tablet=\u00bb1px\u00bb header_5_text_shadow_horizontal_length=\u00bbheader_5_text_shadow_style,%91object Object%93&#8243; header_5_text_shadow_horizontal_length_tablet=\u00bb0px\u00bb header_5_text_shadow_vertical_length=\u00bbheader_5_text_shadow_style,%91object Object%93&#8243; header_5_text_shadow_vertical_length_tablet=\u00bb0px\u00bb header_5_text_shadow_blur_strength=\u00bbheader_5_text_shadow_style,%91object Object%93&#8243; header_5_text_shadow_blur_strength_tablet=\u00bb1px\u00bb header_6_text_shadow_horizontal_length=\u00bbheader_6_text_shadow_style,%91object Object%93&#8243; header_6_text_shadow_horizontal_length_tablet=\u00bb0px\u00bb header_6_text_shadow_vertical_length=\u00bbheader_6_text_shadow_style,%91object Object%93&#8243; header_6_text_shadow_vertical_length_tablet=\u00bb0px\u00bb header_6_text_shadow_blur_strength=\u00bbheader_6_text_shadow_style,%91object Object%93&#8243; header_6_text_shadow_blur_strength_tablet=\u00bb1px\u00bb box_shadow_horizontal_tablet=\u00bb0px\u00bb box_shadow_vertical_tablet=\u00bb0px\u00bb box_shadow_blur_tablet=\u00bb40px\u00bb box_shadow_spread_tablet=\u00bb0px\u00bb z_index_tablet=\u00bb500&#8243;]<\/p>\n<h3><strong>POLITICA DE COOKIES<\/strong><\/h3>\n<p>Una cookie es un fichero que se descarga en tu ordenador, Tablet, m\u00f3vil y otro terminal (en adelante, equipo) cuando accedes a nuestra web o ejecutas nuestra aplicaci\u00f3n. Las cookies nos permiten almacenar y recuperar informaci\u00f3n sobre tus h\u00e1bitos de navegaci\u00f3n o del equipo desde donde accedes en general de forma an\u00f3nima y dependiendo de la informaci\u00f3n que contengan, si estas registrado previamente, para reconocerte como usuario\/a o cliente.<\/p>\n<p>La informaci\u00f3n que obtienen est\u00e1 relacionada con el n\u00famero de p\u00e1ginas que visitas, el lugar desde el que accedes, el n\u00famero de nuevos usuarios, la frecuencia y reincidencia de las visitas, el tiempo que dura tu visita, el navegador o el equipo desde el que realizas la visita o ejecutas la aplicaci\u00f3n.<\/p>\n<p>Fisiolive se reserva el derecho de utilizar la tecnolog\u00eda \u201ccookie\u201d en\u00a0 fisiolivesaludybelleza.com, a fin de reconocerlo como Usuario\/a frecuente y personalizar el uso que realice en nuestra web.<\/p>\n<p>Gracias a las cookies, resulta posible que nuestra web reconozca el navegador el ordenador utilizado por el Usuario\/a con la finalidad de facilitar contenidos y ofrecer las preferencias de navegaci\u00f3n o publicitarias del Usuario\/a.<\/p>\n<p><strong><u>TIPOS DE COOKIES UTILIZADAS<\/u><\/strong><\/p>\n<ul>\n<li>Cookies propias:<\/li>\n<\/ul>\n<p>Son estrictamente necesarias, sirven para controlar tu sesi\u00f3n de usuario, preferencias y dem\u00e1s detalles de funcionamiento de la web. El sitio Web no funcionar\u00e1 correctamente o no tendr\u00e1s acceso al mismo si no permites al menos estas cookies<\/p>\n<ul>\n<li>Cookies anal\u00edticas:<\/li>\n<\/ul>\n<p>Estas cookies nos permiten cuantificar el n\u00famero de visitas y el uso que hacen los usuarios de nuestra aplicaci\u00f3n con la finalidad de hacer una medici\u00f3n y an\u00e1lisis estad\u00edstico de utilizaci\u00f3n para corregir las deficiencias que detectemos y facilitar el uso de nuestra web o aplicaci\u00f3n<\/p>\n<ul>\n<li>Cookies de publicidad:<\/li>\n<\/ul>\n<p>Al visitar las p\u00e1ginas web, abrir emails o ejecutar una aplicaci\u00f3n donde publicamos anuncios de nuestros productos o servicios, para realizar un control y seguimiento de la eficacia de la publicidad se instalan en tu navegador o equipo cookies que nos sirven para medir, por ejemplo, el n\u00famero de veces que son vistos los anuncios, donde aparecen, a qu\u00e9 hora se ven, desde donde o si los has visto anteriormente.<\/p>\n<ul>\n<li>Cookies de publicidad comportamental:<\/li>\n<\/ul>\n<p>Son un tipo de cookies publicitarias que se emplean para almacenar y recuperar informaci\u00f3n del comportamiento de los usuarios obtenida a trav\u00e9s de la observaci\u00f3n continuada de sus h\u00e1bitos de navegaci\u00f3n, lo que permite desarrollar un perfil espec\u00edfico para mostrarte publicidad en funci\u00f3n del mismo.<\/p>\n<ul>\n<li>Cookies persistentes:<\/li>\n<\/ul>\n<p>Son aquellas que siguen almacenadas en tu equipo durante un periodo de tiempo superior, que puede ser desde unos minutos a varios a\u00f1os.<\/p>\n<ul>\n<li>Cookies de sesi\u00f3n:<\/li>\n<\/ul>\n<p>Estas cookies caducan al salir de nuestra web o cerrar la aplicaci\u00f3n.<\/p>\n<ul>\n<li>Cookies de terceros:<\/li>\n<\/ul>\n<p>Son aqu\u00e9llas que se env\u00edan a tu equipo desde un equipo o dominio que no es<\/p>\n<p>gestionado por nosotros, sino por otra entidad que trata los datos obtenidos trav\u00e9s de las cookies.<\/p>\n<p><strong><u>AUTORIZACI\u00d3N, REVOCACI\u00d3N Y ELIMINACI\u00d3N DE COOKIES<\/u><\/strong><\/p>\n<p>Si lo deseas puedes permitir, bloquear o eliminar las cookies instaladas en tu equipo mediante la configuraci\u00f3n de las opciones del navegador instalado en tu ordenador o desde las opciones de privacidad del equipo desde el que nos vistas, en caso que no permitas la instalaci\u00f3n de cookies en su navegador es posible que no puedas acceder a alguna de las secciones de nuestra web.<\/p>\n<p>Por ejemplo, puedes encontrar informaci\u00f3n sobre c\u00f3mo hacerlo en el caso que uses como navegador:<\/p>\n<ul>\n<li>Firefox desde http:\/\/support.mozilla.org\/es\/kb\/habilitar-y-deshabilitar-cookies-que-los-sitios-web<\/li>\n<li>Chrome desde http:\/\/support.google.com\/chrome\/bin\/answer.py?hl=es&amp;answer=95647<\/li>\n<li>Explorer desde http:\/\/windows.microsoft.com\/es-es\/windows7\/how-to-manage-cookies-in-internetexplorer-9<\/li>\n<li>Safari desde http:\/\/support.apple.com\/kb\/ph5042<\/li>\n<li>Opera desde http:\/\/help.opera.com\/Windows\/11.50\/es-ES\/cookies.html<\/li>\n<\/ul>\n<p>Si lo deseas puedes ver los videos desarrollados por la Agencia Espa\u00f1ola de Protecci\u00f3n de Datos con la finalidad de explicar c\u00f3mo configurar las opciones de privacidad desde diferentes plataformas y equipos:<\/p>\n<p><a href=\"http:\/\/www.agpd.es\/portalwebAGPD\/CanalDelCiudadano\/protegetuprivacidad\/index-ides-idphp.php\">http:\/\/www.agpd.es\/portalwebAGPD\/CanalDelCiudadano\/protegetuprivacidad\/index-ides-idphp.php<\/a><\/p>\n<p>[\/et_pb_text][\/et_pb_column][\/et_pb_row][\/et_pb_section]<\/p>\n","protected":false},"excerpt":{"rendered":"<p>POLITICA DE COOKIESUna cookie es un fichero que se descarga en tu ordenador, Tablet, m\u00f3vil y otro terminal (en adelante, equipo) cuando accedes a nuestra web o ejecutas nuestra aplicaci\u00f3n. Las cookies nos permiten almacenar y recuperar informaci\u00f3n sobre tus h\u00e1bitos de navegaci\u00f3n o del equipo desde donde accedes en general de forma an\u00f3nima y [&hellip;]<\/p>\n","protected":false},"author":1,"featured_media":0,"parent":0,"menu_order":0,"comment_status":"closed","ping_status":"closed","template":"","meta":{"_et_pb_use_builder":"on","_et_pb_old_content":"","_et_gb_content_width":"","footnotes":""},"class_list":["post-16","page","type-page","status-publish","hentry"],"_links":{"self":[{"href":"https:\/\/fisiolivesaludybelleza.com\/index.php?rest_route=\/wp\/v2\/pages\/16","targetHints":{"allow":["GET"]}}],"collection":[{"href":"https:\/\/fisiolivesaludybelleza.com\/index.php?rest_route=\/wp\/v2\/pages"}],"about":[{"href":"https:\/\/fisiolivesaludybelleza.com\/index.php?rest_route=\/wp\/v2\/types\/page"}],"author":[{"embeddable":true,"href":"https:\/\/fisiolivesaludybelleza.com\/index.php?rest_route=\/wp\/v2\/users\/1"}],"replies":[{"embeddable":true,"href":"https:\/\/fisiolivesaludybelleza.com\/index.php?rest_route=%2Fwp%2Fv2%2Fcomments&post=16"}],"version-history":[{"count":0,"href":"https:\/\/fisiolivesaludybelleza.com\/index.php?rest_route=\/wp\/v2\/pages\/16\/revisions"}],"wp:attachment":[{"href":"https:\/\/fisiolivesaludybelleza.com\/index.php?rest_route=%2Fwp%2Fv2%2Fmedia&parent=16"}],"curies":[{"name":"wp","href":"https:\/\/api.w.org\/{rel}","templated":true}]}}